{"id":129,"date":"2020-09-15T06:48:29","date_gmt":"2020-09-15T06:48:29","guid":{"rendered":"http:\/\/gitesdelacroixasnier.com\/index.php\/about\/"},"modified":"2023-08-17T13:07:02","modified_gmt":"2023-08-17T13:07:02","slug":"nos-gites","status":"publish","type":"page","link":"https:\/\/gitesdelacroixasnier.com\/index.php\/nos-gites\/","title":{"rendered":"Nos gites"},"content":{"rendered":"\n<div class=\"wp-block-cover alignfull is-light\" style=\"min-height:400px;aspect-ratio:unset;\"><span aria-hidden=\"true\" class=\"wp-block-cover__background has-cyan-bluish-gray-background-color has-background-dim-40 has-background-dim\"><\/span><img loading=\"lazy\" decoding=\"async\" width=\"1024\" height=\"682\" class=\"wp-block-cover__image-background wp-image-143\" alt=\"\" src=\"http:\/\/gitesdelacroixasnier.com\/wp-content\/uploads\/2021\/03\/IMG_6465-2.jpg\" data-object-fit=\"cover\" srcset=\"https:\/\/gitesdelacroixasnier.com\/wp-content\/uploads\/2021\/03\/IMG_6465-2.jpg 1024w, https:\/\/gitesdelacroixasnier.com\/wp-content\/uploads\/2021\/03\/IMG_6465-2-300x200.jpg 300w, https:\/\/gitesdelacroixasnier.com\/wp-content\/uploads\/2021\/03\/IMG_6465-2-768x512.jpg 768w\" sizes=\"auto, (max-width: 1024px) 100vw, 1024px\" \/><div class=\"wp-block-cover__inner-container is-layout-flow wp-block-cover-is-layout-flow\">\n<h1 class=\"wp-block-heading has-text-align-center has-white-color has-text-color\">NOS gites<\/h1>\n<\/div><\/div>\n\n\n\n<div class=\"wp-block-columns is-layout-flex wp-container-core-columns-is-layout-9d6595d7 wp-block-columns-is-layout-flex\">\n<div class=\"wp-block-column is-layout-flow wp-block-column-is-layout-flow\" style=\"flex-basis:100%\">\n<div class=\"wp-block-group alignfull has-white-background-color has-background\"><div class=\"wp-block-group__inner-container is-layout-flow wp-block-group-is-layout-flow\">\n<div class=\"wp-block-media-text alignwide has-media-on-the-right is-stacked-on-mobile is-vertically-aligned-center\" style=\"grid-template-columns:auto 41%\"><div class=\"wp-block-media-text__content\">\n<h2 class=\"wp-block-heading has-vivid-cyan-blue-color has-text-color\">G\u00eete bleu<\/h2>\n\n\n\n<div class=\"wp-block-buttons is-layout-flex wp-block-buttons-is-layout-flex\">\n<div class=\"wp-block-button\"><a class=\"wp-block-button__link wp-element-button\" href=\"https:\/\/gitesdelacroixasnier.com\/index.php\/reservation-contact\/\"> tarifs &amp; r\u00e9servation<\/a><\/div>\n<\/div>\n\n\n\n<p><strong><em>Capacit\u00e9 6 personnes<\/em><\/strong><\/p>\n\n\n\n<p>. 3 chambres (2 lits doubles + 2 lits superpos\u00e9s)<br>. Cour privative avec mobilier de jardin<br>. Chemin\u00e9e<br>. Cuisine \u00e9quip\u00e9e (micro-ondes, plaques, four, r\u00e9frig\u00e9rateur combin\u00e9 cong\u00e9lateur, lave-vaisselle, ustensiles, vaisselle&#8230;)<br>. Salle d&rsquo;eau (douche) \/ 2 WC<br>. Equipements compl\u00e9mentaires : lave-linge, t\u00e9l\u00e9vision, lecteur DVD, d\u00e9codeur TV, WiFi gratuit ( r\u00e9ception en fonction de la m\u00e9t\u00e9o et des probl\u00e8mes de r\u00e9seaux ),connexion 4 G , barbecue<\/p>\n<\/div><figure class=\"wp-block-media-text__media\"><img loading=\"lazy\" decoding=\"async\" width=\"768\" height=\"1024\" src=\"https:\/\/gitesdelacroixasnier.com\/wp-content\/uploads\/2021\/10\/IMG20211019124934-768x1024.jpg\" alt=\"\" class=\"wp-image-477 size-full\" srcset=\"https:\/\/gitesdelacroixasnier.com\/wp-content\/uploads\/2021\/10\/IMG20211019124934-768x1024.jpg 768w, https:\/\/gitesdelacroixasnier.com\/wp-content\/uploads\/2021\/10\/IMG20211019124934-225x300.jpg 225w, https:\/\/gitesdelacroixasnier.com\/wp-content\/uploads\/2021\/10\/IMG20211019124934-1152x1536.jpg 1152w, https:\/\/gitesdelacroixasnier.com\/wp-content\/uploads\/2021\/10\/IMG20211019124934.jpg 1211w\" sizes=\"auto, (max-width: 768px) 100vw, 768px\" \/><\/figure><\/div>\n\n\n\n<p><\/p>\n\n\n\n<p><\/p>\n\n\n\n<figure class=\"wp-block-gallery has-nested-images columns-default is-cropped wp-block-gallery-1 is-layout-flex wp-block-gallery-is-layout-flex\">\n<figure class=\"wp-block-image size-large\"><img loading=\"lazy\" decoding=\"async\" width=\"1024\" height=\"768\" data-id=\"480\" src=\"https:\/\/gitesdelacroixasnier.com\/wp-content\/uploads\/2021\/10\/IMG20211021192426-1024x768.jpg\" alt=\"\" class=\"wp-image-480\" srcset=\"https:\/\/gitesdelacroixasnier.com\/wp-content\/uploads\/2021\/10\/IMG20211021192426-1024x768.jpg 1024w, https:\/\/gitesdelacroixasnier.com\/wp-content\/uploads\/2021\/10\/IMG20211021192426-300x225.jpg 300w, https:\/\/gitesdelacroixasnier.com\/wp-content\/uploads\/2021\/10\/IMG20211021192426-768x576.jpg 768w, https:\/\/gitesdelacroixasnier.com\/wp-content\/uploads\/2021\/10\/IMG20211021192426-1536x1152.jpg 1536w, https:\/\/gitesdelacroixasnier.com\/wp-content\/uploads\/2021\/10\/IMG20211021192426.jpg 1989w\" sizes=\"auto, (max-width: 1024px) 100vw, 1024px\" \/><figcaption class=\"wp-element-caption\"> Cuisine<\/figcaption><\/figure>\n\n\n\n<figure class=\"wp-block-image size-large\"><img loading=\"lazy\" decoding=\"async\" width=\"1024\" height=\"768\" data-id=\"482\" src=\"https:\/\/gitesdelacroixasnier.com\/wp-content\/uploads\/2021\/10\/IMG20211020182743_BURST000_COVER-1024x768.jpg\" alt=\"\" class=\"wp-image-482\" srcset=\"https:\/\/gitesdelacroixasnier.com\/wp-content\/uploads\/2021\/10\/IMG20211020182743_BURST000_COVER-1024x768.jpg 1024w, https:\/\/gitesdelacroixasnier.com\/wp-content\/uploads\/2021\/10\/IMG20211020182743_BURST000_COVER-300x225.jpg 300w, https:\/\/gitesdelacroixasnier.com\/wp-content\/uploads\/2021\/10\/IMG20211020182743_BURST000_COVER-768x576.jpg 768w, https:\/\/gitesdelacroixasnier.com\/wp-content\/uploads\/2021\/10\/IMG20211020182743_BURST000_COVER-1536x1152.jpg 1536w, https:\/\/gitesdelacroixasnier.com\/wp-content\/uploads\/2021\/10\/IMG20211020182743_BURST000_COVER-2048x1536.jpg 2048w\" sizes=\"auto, (max-width: 1024px) 100vw, 1024px\" \/><figcaption class=\"wp-element-caption\">Salon<\/figcaption><\/figure>\n\n\n\n<figure class=\"wp-block-image size-large\"><img loading=\"lazy\" decoding=\"async\" width=\"1024\" height=\"768\" data-id=\"483\" src=\"https:\/\/gitesdelacroixasnier.com\/wp-content\/uploads\/2021\/10\/IMG20211021192503-1024x768.jpg\" alt=\"\" class=\"wp-image-483\" srcset=\"https:\/\/gitesdelacroixasnier.com\/wp-content\/uploads\/2021\/10\/IMG20211021192503-1024x768.jpg 1024w, https:\/\/gitesdelacroixasnier.com\/wp-content\/uploads\/2021\/10\/IMG20211021192503-300x225.jpg 300w, https:\/\/gitesdelacroixasnier.com\/wp-content\/uploads\/2021\/10\/IMG20211021192503-768x576.jpg 768w, https:\/\/gitesdelacroixasnier.com\/wp-content\/uploads\/2021\/10\/IMG20211021192503-1536x1152.jpg 1536w, https:\/\/gitesdelacroixasnier.com\/wp-content\/uploads\/2021\/10\/IMG20211021192503.jpg 1889w\" sizes=\"auto, (max-width: 1024px) 100vw, 1024px\" \/><figcaption class=\"wp-element-caption\">Salle d&rsquo;eau (douche)<\/figcaption><\/figure>\n\n\n\n<figure class=\"wp-block-image size-large\"><img loading=\"lazy\" decoding=\"async\" width=\"1024\" height=\"768\" data-id=\"484\" src=\"https:\/\/gitesdelacroixasnier.com\/wp-content\/uploads\/2021\/10\/IMG20211019171059-1024x768.jpg\" alt=\"\" class=\"wp-image-484\" srcset=\"https:\/\/gitesdelacroixasnier.com\/wp-content\/uploads\/2021\/10\/IMG20211019171059-1024x768.jpg 1024w, https:\/\/gitesdelacroixasnier.com\/wp-content\/uploads\/2021\/10\/IMG20211019171059-300x225.jpg 300w, https:\/\/gitesdelacroixasnier.com\/wp-content\/uploads\/2021\/10\/IMG20211019171059-768x576.jpg 768w, https:\/\/gitesdelacroixasnier.com\/wp-content\/uploads\/2021\/10\/IMG20211019171059-1536x1153.jpg 1536w, https:\/\/gitesdelacroixasnier.com\/wp-content\/uploads\/2021\/10\/IMG20211019171059.jpg 1999w\" sizes=\"auto, (max-width: 1024px) 100vw, 1024px\" \/><figcaption class=\"wp-element-caption\">Chambre 1<\/figcaption><\/figure>\n\n\n\n<figure class=\"wp-block-image size-large\"><img loading=\"lazy\" decoding=\"async\" width=\"1024\" height=\"768\" data-id=\"485\" src=\"https:\/\/gitesdelacroixasnier.com\/wp-content\/uploads\/2021\/10\/IMG20211019171027-1024x768.jpg\" alt=\"\" class=\"wp-image-485\" srcset=\"https:\/\/gitesdelacroixasnier.com\/wp-content\/uploads\/2021\/10\/IMG20211019171027-1024x768.jpg 1024w, https:\/\/gitesdelacroixasnier.com\/wp-content\/uploads\/2021\/10\/IMG20211019171027-300x225.jpg 300w, https:\/\/gitesdelacroixasnier.com\/wp-content\/uploads\/2021\/10\/IMG20211019171027-768x576.jpg 768w, https:\/\/gitesdelacroixasnier.com\/wp-content\/uploads\/2021\/10\/IMG20211019171027-1536x1152.jpg 1536w, https:\/\/gitesdelacroixasnier.com\/wp-content\/uploads\/2021\/10\/IMG20211019171027-2048x1536.jpg 2048w\" sizes=\"auto, (max-width: 1024px) 100vw, 1024px\" \/><figcaption class=\"wp-element-caption\">Chambre 2<\/figcaption><\/figure>\n\n\n\n<figure class=\"wp-block-image size-large\"><img loading=\"lazy\" decoding=\"async\" width=\"768\" height=\"1024\" data-id=\"486\" src=\"https:\/\/gitesdelacroixasnier.com\/wp-content\/uploads\/2021\/10\/IMG20211019171115-768x1024.jpg\" alt=\"\" class=\"wp-image-486\" srcset=\"https:\/\/gitesdelacroixasnier.com\/wp-content\/uploads\/2021\/10\/IMG20211019171115-768x1024.jpg 768w, https:\/\/gitesdelacroixasnier.com\/wp-content\/uploads\/2021\/10\/IMG20211019171115-225x300.jpg 225w, https:\/\/gitesdelacroixasnier.com\/wp-content\/uploads\/2021\/10\/IMG20211019171115-1152x1536.jpg 1152w, https:\/\/gitesdelacroixasnier.com\/wp-content\/uploads\/2021\/10\/IMG20211019171115-1536x2048.jpg 1536w, https:\/\/gitesdelacroixasnier.com\/wp-content\/uploads\/2021\/10\/IMG20211019171115.jpg 1607w\" sizes=\"auto, (max-width: 768px) 100vw, 768px\" \/><figcaption class=\"wp-element-caption\">Chambre 3<\/figcaption><\/figure>\n<\/figure>\n\n\n\n<p><\/p>\n\n\n\n<div class=\"wp-block-media-text alignwide has-media-on-the-right is-stacked-on-mobile is-vertically-aligned-center\" style=\"grid-template-columns:auto 38%\"><div class=\"wp-block-media-text__content\">\n<p><\/p>\n\n\n\n<h2 class=\"wp-block-heading has-vivid-green-cyan-color has-text-color\">g\u00eete vert<\/h2>\n\n\n\n<div class=\"wp-block-buttons is-layout-flex wp-block-buttons-is-layout-flex\">\n<div class=\"wp-block-button\"><a class=\"wp-block-button__link wp-element-button\" href=\"https:\/\/gitesdelacroixasnier.com\/index.php\/reservation-contact\/\">TARIFS &amp; r\u00e9servation<\/a><\/div>\n<\/div>\n\n\n\n<p><strong><em>Capacit\u00e9 4 personnes<\/em><\/strong><\/p>\n\n\n\n<p>. 2 chambres (1 lit double + 2 lits simples)<br>. Cour privative avec mobilier de jardin<br>. Cuisine \u00e9quip\u00e9e (micro-ondes, plaques, four, r\u00e9frig\u00e9rateur combin\u00e9 cong\u00e9lateur, lave-vaisselle, ustensiles, vaisselle&#8230;)<br>. Salle d&rsquo;eau (douche) \/ 2 WC<br>. Equipements compl\u00e9mentaires : lave-linge, t\u00e9l\u00e9vision, lecteur DVD, d\u00e9codeur TV, WiFi gratuit (r\u00e9ception en fonction de la m\u00e9t\u00e9o et des probl\u00e8mes de r\u00e9seaux) connexion 4 G, barbecue<\/p>\n<\/div><figure class=\"wp-block-media-text__media\"><img loading=\"lazy\" decoding=\"async\" width=\"768\" height=\"1024\" src=\"https:\/\/gitesdelacroixasnier.com\/wp-content\/uploads\/2021\/10\/IMG20211019124755-1-768x1024.jpg\" alt=\"\" class=\"wp-image-489 size-full\" srcset=\"https:\/\/gitesdelacroixasnier.com\/wp-content\/uploads\/2021\/10\/IMG20211019124755-1-768x1024.jpg 768w, https:\/\/gitesdelacroixasnier.com\/wp-content\/uploads\/2021\/10\/IMG20211019124755-1-225x300.jpg 225w, https:\/\/gitesdelacroixasnier.com\/wp-content\/uploads\/2021\/10\/IMG20211019124755-1-1152x1536.jpg 1152w, https:\/\/gitesdelacroixasnier.com\/wp-content\/uploads\/2021\/10\/IMG20211019124755-1.jpg 1296w\" sizes=\"auto, (max-width: 768px) 100vw, 768px\" \/><\/figure><\/div>\n\n\n\n<p><\/p>\n\n\n\n<figure class=\"wp-block-gallery has-nested-images columns-default is-cropped wp-block-gallery-2 is-layout-flex wp-block-gallery-is-layout-flex\">\n<figure class=\"wp-block-image size-large\"><img loading=\"lazy\" decoding=\"async\" width=\"1024\" height=\"768\" data-id=\"505\" src=\"https:\/\/gitesdelacroixasnier.com\/wp-content\/uploads\/2021\/10\/IMG202110191256-1024x768.jpg\" alt=\"\" class=\"wp-image-505\" srcset=\"https:\/\/gitesdelacroixasnier.com\/wp-content\/uploads\/2021\/10\/IMG202110191256-1024x768.jpg 1024w, https:\/\/gitesdelacroixasnier.com\/wp-content\/uploads\/2021\/10\/IMG202110191256-300x225.jpg 300w, https:\/\/gitesdelacroixasnier.com\/wp-content\/uploads\/2021\/10\/IMG202110191256-768x576.jpg 768w, https:\/\/gitesdelacroixasnier.com\/wp-content\/uploads\/2021\/10\/IMG202110191256-1536x1152.jpg 1536w, https:\/\/gitesdelacroixasnier.com\/wp-content\/uploads\/2021\/10\/IMG202110191256.jpg 1600w\" sizes=\"auto, (max-width: 1024px) 100vw, 1024px\" \/><figcaption class=\"wp-element-caption\">Entr\u00e9e \/ cuisine<\/figcaption><\/figure>\n\n\n\n<figure class=\"wp-block-image size-large\"><img loading=\"lazy\" decoding=\"async\" width=\"591\" height=\"443\" data-id=\"506\" src=\"https:\/\/gitesdelacroixasnier.com\/wp-content\/uploads\/2021\/10\/IMG204-1.jpg\" alt=\"\" class=\"wp-image-506\" srcset=\"https:\/\/gitesdelacroixasnier.com\/wp-content\/uploads\/2021\/10\/IMG204-1.jpg 591w, https:\/\/gitesdelacroixasnier.com\/wp-content\/uploads\/2021\/10\/IMG204-1-300x225.jpg 300w\" sizes=\"auto, (max-width: 591px) 100vw, 591px\" \/><figcaption class=\"wp-element-caption\">Salon<\/figcaption><\/figure>\n\n\n\n<figure class=\"wp-block-image size-large\"><img loading=\"lazy\" decoding=\"async\" width=\"682\" height=\"471\" data-id=\"319\" src=\"https:\/\/gitesdelacroixasnier.com\/wp-content\/uploads\/2021\/04\/gite-vert-5b.jpg\" alt=\"\" class=\"wp-image-319\" srcset=\"https:\/\/gitesdelacroixasnier.com\/wp-content\/uploads\/2021\/04\/gite-vert-5b.jpg 682w, https:\/\/gitesdelacroixasnier.com\/wp-content\/uploads\/2021\/04\/gite-vert-5b-300x207.jpg 300w\" sizes=\"auto, (max-width: 682px) 100vw, 682px\" \/><figcaption class=\"wp-element-caption\">Salle de bain (baignoire)<\/figcaption><\/figure>\n\n\n\n<figure class=\"wp-block-image size-large\"><img loading=\"lazy\" decoding=\"async\" width=\"591\" height=\"443\" data-id=\"507\" src=\"https:\/\/gitesdelacroixasnier.com\/wp-content\/uploads\/2021\/10\/IMG207.jpg\" alt=\"\" class=\"wp-image-507\" srcset=\"https:\/\/gitesdelacroixasnier.com\/wp-content\/uploads\/2021\/10\/IMG207.jpg 591w, https:\/\/gitesdelacroixasnier.com\/wp-content\/uploads\/2021\/10\/IMG207-300x225.jpg 300w\" sizes=\"auto, (max-width: 591px) 100vw, 591px\" \/><figcaption class=\"wp-element-caption\">Chambre 1<\/figcaption><\/figure>\n\n\n\n<figure class=\"wp-block-image size-large\"><img loading=\"lazy\" decoding=\"async\" width=\"591\" height=\"443\" data-id=\"509\" src=\"https:\/\/gitesdelacroixasnier.com\/wp-content\/uploads\/2021\/10\/IMG206-1.jpg\" alt=\"\" class=\"wp-image-509\" srcset=\"https:\/\/gitesdelacroixasnier.com\/wp-content\/uploads\/2021\/10\/IMG206-1.jpg 591w, https:\/\/gitesdelacroixasnier.com\/wp-content\/uploads\/2021\/10\/IMG206-1-300x225.jpg 300w\" sizes=\"auto, (max-width: 591px) 100vw, 591px\" \/><figcaption class=\"wp-element-caption\">Chambre 2<\/figcaption><\/figure>\n<\/figure>\n\n\n\n<figure class=\"wp-block-image size-full is-style-default\"><img loading=\"lazy\" decoding=\"async\" width=\"443\" height=\"591\" src=\"https:\/\/gitesdelacroixasnier.com\/wp-content\/uploads\/2021\/10\/IMG208-2.jpg\" alt=\"\" class=\"wp-image-512\" srcset=\"https:\/\/gitesdelacroixasnier.com\/wp-content\/uploads\/2021\/10\/IMG208-2.jpg 443w, https:\/\/gitesdelacroixasnier.com\/wp-content\/uploads\/2021\/10\/IMG208-2-225x300.jpg 225w\" sizes=\"auto, (max-width: 443px) 100vw, 443px\" \/><\/figure>\n<\/div><\/div>\n<\/div>\n<\/div>\n\n\n","protected":false},"excerpt":{"rendered":"<p>G\u00eete bleu Capacit\u00e9 6 personnes . 3 chambres (2 lits doubles + 2 lits superpos\u00e9s). Cour privative avec mobilier de jardin. Chemin\u00e9e. Cuisine \u00e9quip\u00e9e (micro-ondes, plaques, four, r\u00e9frig\u00e9rateur combin\u00e9 cong\u00e9lateur, lave-vaisselle, ustensiles, vaisselle&#8230;). Salle d&rsquo;eau (douche) \/ 2 WC. Equipements compl\u00e9mentaires : lave-linge, t\u00e9l\u00e9vision, lecteur DVD, d\u00e9codeur TV, WiFi gratuit ( r\u00e9ception en fonction de &hellip;<\/p>\n<p class=\"read-more\"> <a class=\"\" href=\"https:\/\/gitesdelacroixasnier.com\/index.php\/nos-gites\/\"> <span class=\"screen-reader-text\">Nos gites<\/span> Lire la suite\u00a0\u00bb<\/a><\/p>\n","protected":false},"author":1,"featured_media":0,"parent":0,"menu_order":0,"comment_status":"closed","ping_status":"closed","template":"","meta":{"om_disable_all_campaigns":false,"_monsterinsights_skip_tracking":false,"_monsterinsights_sitenote_active":false,"_monsterinsights_sitenote_note":"","_monsterinsights_sitenote_category":0,"footnotes":""},"class_list":["post-129","page","type-page","status-publish","hentry"],"yoast_head":"<!-- This site is optimized with the Yoast SEO plugin v26.1.1 - https:\/\/yoast.com\/wordpress\/plugins\/seo\/ -->\n<title>Nos gites - Les G\u00eetes de la Croix Asnier<\/title>\n<meta name=\"robots\" content=\"index, follow, max-snippet:-1, max-image-preview:large, max-video-preview:-1\" \/>\n<link rel=\"canonical\" href=\"https:\/\/gitesdelacroixasnier.com\/index.php\/nos-gites\/\" \/>\n<meta property=\"og:locale\" content=\"fr_FR\" \/>\n<meta property=\"og:type\" content=\"article\" \/>\n<meta property=\"og:title\" content=\"Nos gites - Les G\u00eetes de la Croix Asnier\" \/>\n<meta property=\"og:description\" content=\"G\u00eete bleu Capacit\u00e9 6 personnes . 3 chambres (2 lits doubles + 2 lits superpos\u00e9s). Cour privative avec mobilier de jardin. Chemin\u00e9e. Cuisine \u00e9quip\u00e9e (micro-ondes, plaques, four, r\u00e9frig\u00e9rateur combin\u00e9 cong\u00e9lateur, lave-vaisselle, ustensiles, vaisselle&#8230;). Salle d&rsquo;eau (douche) \/ 2 WC. Equipements compl\u00e9mentaires : lave-linge, t\u00e9l\u00e9vision, lecteur DVD, d\u00e9codeur TV, WiFi gratuit ( r\u00e9ception en fonction de &hellip; Nos gites Lire la suite\u00a0\u00bb\" \/>\n<meta property=\"og:url\" content=\"https:\/\/gitesdelacroixasnier.com\/index.php\/nos-gites\/\" \/>\n<meta property=\"og:site_name\" content=\"Les G\u00eetes de la Croix Asnier\" \/>\n<meta property=\"article:modified_time\" content=\"2023-08-17T13:07:02+00:00\" \/>\n<meta property=\"og:image\" content=\"http:\/\/gitesdelacroixasnier.com\/wp-content\/uploads\/2021\/03\/IMG_6465-2.jpg\" \/>\n<meta name=\"twitter:card\" content=\"summary_large_image\" \/>\n<meta name=\"twitter:label1\" content=\"Dur\u00e9e de lecture estim\u00e9e\" \/>\n\t<meta name=\"twitter:data1\" content=\"4 minutes\" \/>\n<script type=\"application\/ld+json\" class=\"yoast-schema-graph\">{\"@context\":\"https:\/\/schema.org\",\"@graph\":[{\"@type\":\"WebPage\",\"@id\":\"https:\/\/gitesdelacroixasnier.com\/index.php\/nos-gites\/\",\"url\":\"https:\/\/gitesdelacroixasnier.com\/index.php\/nos-gites\/\",\"name\":\"Nos gites - Les G\u00eetes de la Croix Asnier\",\"isPartOf\":{\"@id\":\"https:\/\/gitesdelacroixasnier.com\/#website\"},\"primaryImageOfPage\":{\"@id\":\"https:\/\/gitesdelacroixasnier.com\/index.php\/nos-gites\/#primaryimage\"},\"image\":{\"@id\":\"https:\/\/gitesdelacroixasnier.com\/index.php\/nos-gites\/#primaryimage\"},\"thumbnailUrl\":\"http:\/\/gitesdelacroixasnier.com\/wp-content\/uploads\/2021\/03\/IMG_6465-2.jpg\",\"datePublished\":\"2020-09-15T06:48:29+00:00\",\"dateModified\":\"2023-08-17T13:07:02+00:00\",\"breadcrumb\":{\"@id\":\"https:\/\/gitesdelacroixasnier.com\/index.php\/nos-gites\/#breadcrumb\"},\"inLanguage\":\"fr-FR\",\"potentialAction\":[{\"@type\":\"ReadAction\",\"target\":[\"https:\/\/gitesdelacroixasnier.com\/index.php\/nos-gites\/\"]}]},{\"@type\":\"ImageObject\",\"inLanguage\":\"fr-FR\",\"@id\":\"https:\/\/gitesdelacroixasnier.com\/index.php\/nos-gites\/#primaryimage\",\"url\":\"https:\/\/gitesdelacroixasnier.com\/wp-content\/uploads\/2021\/03\/IMG_6465-2.jpg\",\"contentUrl\":\"https:\/\/gitesdelacroixasnier.com\/wp-content\/uploads\/2021\/03\/IMG_6465-2.jpg\",\"width\":1024,\"height\":682},{\"@type\":\"BreadcrumbList\",\"@id\":\"https:\/\/gitesdelacroixasnier.com\/index.php\/nos-gites\/#breadcrumb\",\"itemListElement\":[{\"@type\":\"ListItem\",\"position\":1,\"name\":\"Accueil\",\"item\":\"https:\/\/gitesdelacroixasnier.com\/\"},{\"@type\":\"ListItem\",\"position\":2,\"name\":\"Nos gites\"}]},{\"@type\":\"WebSite\",\"@id\":\"https:\/\/gitesdelacroixasnier.com\/#website\",\"url\":\"https:\/\/gitesdelacroixasnier.com\/\",\"name\":\"Les G\u00eetes de la Croix Asnier\",\"description\":\"H\u00e9bergement \/ g\u00eetes pour de courts s\u00e9jours ou des vacances en Auvergne\",\"potentialAction\":[{\"@type\":\"SearchAction\",\"target\":{\"@type\":\"EntryPoint\",\"urlTemplate\":\"https:\/\/gitesdelacroixasnier.com\/?s={search_term_string}\"},\"query-input\":{\"@type\":\"PropertyValueSpecification\",\"valueRequired\":true,\"valueName\":\"search_term_string\"}}],\"inLanguage\":\"fr-FR\"}]}<\/script>\n<!-- \/ Yoast SEO plugin. -->","yoast_head_json":{"title":"Nos gites - Les G\u00eetes de la Croix Asnier","robots":{"index":"index","follow":"follow","max-snippet":"max-snippet:-1","max-image-preview":"max-image-preview:large","max-video-preview":"max-video-preview:-1"},"canonical":"https:\/\/gitesdelacroixasnier.com\/index.php\/nos-gites\/","og_locale":"fr_FR","og_type":"article","og_title":"Nos gites - Les G\u00eetes de la Croix Asnier","og_description":"G\u00eete bleu Capacit\u00e9 6 personnes . 3 chambres (2 lits doubles + 2 lits superpos\u00e9s). Cour privative avec mobilier de jardin. Chemin\u00e9e. Cuisine \u00e9quip\u00e9e (micro-ondes, plaques, four, r\u00e9frig\u00e9rateur combin\u00e9 cong\u00e9lateur, lave-vaisselle, ustensiles, vaisselle&#8230;). Salle d&rsquo;eau (douche) \/ 2 WC. Equipements compl\u00e9mentaires : lave-linge, t\u00e9l\u00e9vision, lecteur DVD, d\u00e9codeur TV, WiFi gratuit ( r\u00e9ception en fonction de &hellip; Nos gites Lire la suite\u00a0\u00bb","og_url":"https:\/\/gitesdelacroixasnier.com\/index.php\/nos-gites\/","og_site_name":"Les G\u00eetes de la Croix Asnier","article_modified_time":"2023-08-17T13:07:02+00:00","og_image":[{"url":"http:\/\/gitesdelacroixasnier.com\/wp-content\/uploads\/2021\/03\/IMG_6465-2.jpg","type":"","width":"","height":""}],"twitter_card":"summary_large_image","twitter_misc":{"Dur\u00e9e de lecture estim\u00e9e":"4 minutes"},"schema":{"@context":"https:\/\/schema.org","@graph":[{"@type":"WebPage","@id":"https:\/\/gitesdelacroixasnier.com\/index.php\/nos-gites\/","url":"https:\/\/gitesdelacroixasnier.com\/index.php\/nos-gites\/","name":"Nos gites - Les G\u00eetes de la Croix Asnier","isPartOf":{"@id":"https:\/\/gitesdelacroixasnier.com\/#website"},"primaryImageOfPage":{"@id":"https:\/\/gitesdelacroixasnier.com\/index.php\/nos-gites\/#primaryimage"},"image":{"@id":"https:\/\/gitesdelacroixasnier.com\/index.php\/nos-gites\/#primaryimage"},"thumbnailUrl":"http:\/\/gitesdelacroixasnier.com\/wp-content\/uploads\/2021\/03\/IMG_6465-2.jpg","datePublished":"2020-09-15T06:48:29+00:00","dateModified":"2023-08-17T13:07:02+00:00","breadcrumb":{"@id":"https:\/\/gitesdelacroixasnier.com\/index.php\/nos-gites\/#breadcrumb"},"inLanguage":"fr-FR","potentialAction":[{"@type":"ReadAction","target":["https:\/\/gitesdelacroixasnier.com\/index.php\/nos-gites\/"]}]},{"@type":"ImageObject","inLanguage":"fr-FR","@id":"https:\/\/gitesdelacroixasnier.com\/index.php\/nos-gites\/#primaryimage","url":"https:\/\/gitesdelacroixasnier.com\/wp-content\/uploads\/2021\/03\/IMG_6465-2.jpg","contentUrl":"https:\/\/gitesdelacroixasnier.com\/wp-content\/uploads\/2021\/03\/IMG_6465-2.jpg","width":1024,"height":682},{"@type":"BreadcrumbList","@id":"https:\/\/gitesdelacroixasnier.com\/index.php\/nos-gites\/#breadcrumb","itemListElement":[{"@type":"ListItem","position":1,"name":"Accueil","item":"https:\/\/gitesdelacroixasnier.com\/"},{"@type":"ListItem","position":2,"name":"Nos gites"}]},{"@type":"WebSite","@id":"https:\/\/gitesdelacroixasnier.com\/#website","url":"https:\/\/gitesdelacroixasnier.com\/","name":"Les G\u00eetes de la Croix Asnier","description":"H\u00e9bergement \/ g\u00eetes pour de courts s\u00e9jours ou des vacances en Auvergne","potentialAction":[{"@type":"SearchAction","target":{"@type":"EntryPoint","urlTemplate":"https:\/\/gitesdelacroixasnier.com\/?s={search_term_string}"},"query-input":{"@type":"PropertyValueSpecification","valueRequired":true,"valueName":"search_term_string"}}],"inLanguage":"fr-FR"}]}},"jetpack_sharing_enabled":true,"_links":{"self":[{"href":"https:\/\/gitesdelacroixasnier.com\/index.php\/wp-json\/wp\/v2\/pages\/129","targetHints":{"allow":["GET"]}}],"collection":[{"href":"https:\/\/gitesdelacroixasnier.com\/index.php\/wp-json\/wp\/v2\/pages"}],"about":[{"href":"https:\/\/gitesdelacroixasnier.com\/index.php\/wp-json\/wp\/v2\/types\/page"}],"author":[{"embeddable":true,"href":"https:\/\/gitesdelacroixasnier.com\/index.php\/wp-json\/wp\/v2\/users\/1"}],"replies":[{"embeddable":true,"href":"https:\/\/gitesdelacroixasnier.com\/index.php\/wp-json\/wp\/v2\/comments?post=129"}],"version-history":[{"count":23,"href":"https:\/\/gitesdelacroixasnier.com\/index.php\/wp-json\/wp\/v2\/pages\/129\/revisions"}],"predecessor-version":[{"id":552,"href":"https:\/\/gitesdelacroixasnier.com\/index.php\/wp-json\/wp\/v2\/pages\/129\/revisions\/552"}],"wp:attachment":[{"href":"https:\/\/gitesdelacroixasnier.com\/index.php\/wp-json\/wp\/v2\/media?parent=129"}],"curies":[{"name":"wp","href":"https:\/\/api.w.org\/{rel}","templated":true}]}}